{"id":3130,"date":"2016-08-17T07:33:59","date_gmt":"2016-08-17T05:33:59","guid":{"rendered":"https:\/\/svejkovakavarna.cz\/about-us\/"},"modified":"2024-10-06T16:23:52","modified_gmt":"2024-10-06T14:23:52","slug":"about-us","status":"publish","type":"page","link":"https:\/\/svejkovakavarna.cz\/en\/about-us\/","title":{"rendered":"About us"},"content":{"rendered":"\t\t<div data-elementor-type=\"wp-page\" data-elementor-id=\"3130\" class=\"elementor elementor-3130 elementor-11\" data-elementor-post-type=\"page\">\n\t\t\t\t<div class=\"elementor-element elementor-element-8d2284f e-flex e-con-boxed e-con e-parent\" data-id=\"8d2284f\" data-element_type=\"container\">\r\n\t\t\t\t\t<div class=\"e-con-inner\">\r\n\t\t\t\t<div class=\"elementor-element elementor-element-017c5d9 elementor-headline--style-highlight elementor-widget elementor-widget-animated-headline\" data-id=\"017c5d9\" data-element_type=\"widget\" data-settings=\"{&quot;marker&quot;:&quot;double_underline&quot;,&quot;highlighted_text&quot;:&quot;About us&quot;,&quot;headline_style&quot;:&quot;highlight&quot;,&quot;loop&quot;:&quot;yes&quot;,&quot;highlight_animation_duration&quot;:1200,&quot;highlight_iteration_delay&quot;:8000}\" data-widget_type=\"animated-headline.default\">\n\t\t\t\t<div class=\"elementor-widget-container\">\n\t\t\t\t\t\t\t<h1 class=\"elementor-headline\">\n\t\t\t\t<span class=\"elementor-headline-dynamic-wrapper elementor-headline-text-wrapper\">\n\t\t\t\t\t<span class=\"elementor-headline-dynamic-text elementor-headline-text-active\">About us<\/span>\n\t\t\t\t<\/span>\n\t\t\t\t<\/h1>\n\t\t\t\t\t\t<\/div>\n\t\t\t\t<\/div>\n\t\t\t\t<div class=\"elementor-element elementor-element-09b4dd0 elementor-widget-divider--view-line_icon elementor-view-default elementor-widget-divider--element-align-center elementor-widget elementor-widget-divider\" data-id=\"09b4dd0\" data-element_type=\"widget\" data-widget_type=\"divider.default\">\n\t\t\t\t<div class=\"elementor-widget-container\">\n\t\t\t\t\t\t\t<div class=\"elementor-divider\">\n\t\t\t<span class=\"elementor-divider-separator\">\n\t\t\t\t\t\t\t<div class=\"elementor-icon elementor-divider__element\">\n\t\t\t\t\t<i aria-hidden=\"true\" class=\"material-icons md-house\"><\/i><\/div>\n\t\t\t\t\t\t<\/span>\n\t\t<\/div>\n\t\t\t\t\t\t<\/div>\n\t\t\t\t<\/div>\n\t\t\t\t\t<\/div>\n\t\t\t\t<\/div>\n\t\t<div class=\"elementor-element elementor-element-83b74e8 e-grid e-con-boxed e-con e-parent\" data-id=\"83b74e8\" data-element_type=\"container\">\r\n\t\t\t\t\t<div class=\"e-con-inner\">\r\n\t\t\t\t<div class=\"elementor-element elementor-element-74de78a elementor-widget elementor-widget-image\" data-id=\"74de78a\" data-element_type=\"widget\" data-widget_type=\"image.default\">\n\t\t\t\t<div class=\"elementor-widget-container\">\n\t\t\t\t\t\t\t\t\t\t\t\t\t\t\t<img fetchpriority=\"high\" decoding=\"async\" width=\"768\" height=\"576\" src=\"https:\/\/svejkovakavarna.cz\/wp-content\/uploads\/2024\/07\/16254ff2-6aca-4c6c-b02c-cf430e806112-768x576.jpeg\" class=\"attachment-medium_large size-medium_large wp-image-2360\" alt=\"\u0160vejkova kav\u00e1rna z venku\" srcset=\"https:\/\/svejkovakavarna.cz\/wp-content\/uploads\/2024\/07\/16254ff2-6aca-4c6c-b02c-cf430e806112-768x576.jpeg 768w, https:\/\/svejkovakavarna.cz\/wp-content\/uploads\/2024\/07\/16254ff2-6aca-4c6c-b02c-cf430e806112-463x348.jpeg 463w, https:\/\/svejkovakavarna.cz\/wp-content\/uploads\/2024\/07\/16254ff2-6aca-4c6c-b02c-cf430e806112-640x480.jpeg 640w, https:\/\/svejkovakavarna.cz\/wp-content\/uploads\/2024\/07\/16254ff2-6aca-4c6c-b02c-cf430e806112-400x300.jpeg 400w\" sizes=\"(max-width: 768px) 100vw, 768px\" \/>\t\t\t\t\t\t\t\t\t\t\t\t\t\t\t<\/div>\n\t\t\t\t<\/div>\n\t\t\t\t<div class=\"elementor-element elementor-element-e28dbf3 elementor-widget elementor-widget-text-editor\" data-id=\"e28dbf3\" data-element_type=\"widget\" data-widget_type=\"text-editor.default\">\n\t\t\t\t<div class=\"elementor-widget-container\">\n\t\t\t\t\t\t\t\t\t<p>Located in the very heart of the historic city center, if you&#8217;re heading towards Charles Bridge, the Astronomical Clock, Kafka&#8217;s Head, or Wenceslas Square, you&#8217;ll come across our small restaurant. We always have the best Czech beers on tap, fresh traditional meals, and the good old spirit of the Pub &#8211; a symbol of our nation as significant as the tales of the good soldier \u0160vejk and all the other stories from our ancient city.<\/p>\n\t\t\t\t\t\t\t\t<\/div>\n\t\t\t\t<\/div>\n\t\t\t\t\t<\/div>\n\t\t\t\t<\/div>\n\t\t<div class=\"elementor-element elementor-element-e81a180 e-grid e-con-boxed e-con e-parent\" data-id=\"e81a180\" data-element_type=\"container\">\r\n\t\t\t\t\t<div class=\"e-con-inner\">\r\n\t\t\t\t<div class=\"elementor-element elementor-element-7e4886c elementor-invisible elementor-widget elementor-widget-porto_stat_counter\" data-id=\"7e4886c\" data-element_type=\"widget\" data-settings=\"{&quot;_animation&quot;:&quot;revealDirRight&quot;,&quot;_animation_delay&quot;:200}\" data-animation-reveal=\"\" data-widget_type=\"porto_stat_counter.default\">\n\t\t\t\t<div class=\"elementor-widget-container\">\n\t\t\t\t\t<div class=\"stats-block stats-top\"><div class=\"porto-sicon-top\"><div class=\"porto-just-icon-wrapper porto-icon circle\" style=\"\"><i class=\"fas fa-smile\"><\/i><\/div><\/div><div class=\"stats-desc\"><div id=\"counter_7438999726a064b52d778a\" data-id=\"counter_7438999726a064b52d778a\" class=\"stats-number\" style=\" \" data-speed=\"1\" data-counter-value=\"5\" data-separator=\",\" data-decimal=\".\">0<\/div><div class=\"counter_suffix mycust\" style=\" \">+<\/div><div class=\"stats-text\" style=\"\">Years we serve you the best dishes<\/div><\/div><\/div>\t\t\t\t<\/div>\n\t\t\t\t<\/div>\n\t\t\t\t<div class=\"elementor-element elementor-element-8185a02 elementor-invisible elementor-widget elementor-widget-porto_stat_counter\" data-id=\"8185a02\" data-element_type=\"widget\" data-settings=\"{&quot;_animation&quot;:&quot;revealDirTop&quot;,&quot;_animation_delay&quot;:300}\" data-animation-reveal=\"\" data-widget_type=\"porto_stat_counter.default\">\n\t\t\t\t<div class=\"elementor-widget-container\">\n\t\t\t\t\t<div class=\"stats-block stats-top\"><div class=\"porto-sicon-top\"><div class=\"porto-just-icon-wrapper porto-icon circle\" style=\"\"><i class=\"fas fa-star\"><\/i><\/div><\/div><div class=\"stats-desc\"><div id=\"counter_11291707286a064b52d83dc\" data-id=\"counter_11291707286a064b52d83dc\" class=\"stats-number\" style=\" \" data-speed=\"2\" data-counter-value=\"2000\" data-separator=\",\" data-decimal=\".\">0<\/div><div class=\"counter_suffix mycust\" style=\" \">+<\/div><div class=\"stats-text\" style=\"\">Reviews on Google<\/div><\/div><\/div>\t\t\t\t<\/div>\n\t\t\t\t<\/div>\n\t\t\t\t<div class=\"elementor-element elementor-element-0f4ee9e elementor-invisible elementor-widget elementor-widget-porto_stat_counter\" data-id=\"0f4ee9e\" data-element_type=\"widget\" data-settings=\"{&quot;_animation&quot;:&quot;revealDirLeft&quot;,&quot;_animation_delay&quot;:400}\" data-animation-reveal=\"\" data-widget_type=\"porto_stat_counter.default\">\n\t\t\t\t<div class=\"elementor-widget-container\">\n\t\t\t\t\t<div class=\"stats-block stats-top\"><div class=\"porto-sicon-top\"><div class=\"porto-just-icon-wrapper porto-icon circle\" style=\"\"><i class=\"fas fa-hamburger\"><\/i><\/div><\/div><div class=\"stats-desc\"><div id=\"counter_3598005766a064b52d8fcb\" data-id=\"counter_3598005766a064b52d8fcb\" class=\"stats-number\" style=\" \" data-speed=\"1\" data-counter-value=\"100\" data-separator=\",\" data-decimal=\".\">0<\/div><div class=\"counter_suffix mycust\" style=\" \">+<\/div><div class=\"stats-text\" style=\"\">Different dishes and drinks<\/div><\/div><\/div>\t\t\t\t<\/div>\n\t\t\t\t<\/div>\n\t\t\t\t\t<\/div>\n\t\t\t\t<\/div>\n\t\t<div class=\"elementor-element elementor-element-ae65e3a e-grid e-con-boxed e-con e-parent\" data-id=\"ae65e3a\" data-element_type=\"container\">\r\n\t\t\t\t\t<div class=\"e-con-inner\">\r\n\t\t\t\t<div class=\"elementor-element elementor-element-e69b297 elementor-widget elementor-widget-text-editor\" data-id=\"e69b297\" data-element_type=\"widget\" data-widget_type=\"text-editor.default\">\n\t\t\t\t<div class=\"elementor-widget-container\">\n\t\t\t\t\t\t\t\t\t<p>We want to pay tribute to our beloved character and continue the legacy of the stories that made us who we are today. Our walls are adorned with original artworks by the illustrator Josef Lada, who published the very first illustrated adaptation of \u0160vejk. Inside the caf\u00e9, you&#8217;ll also find original merchandise from the books, and our friendly staff is always here to cater to your needs and guide you through this experience, so you can fully enjoy Prague.<\/p>\n\t\t\t\t\t\t\t\t<\/div>\n\t\t\t\t<\/div>\n\t\t\t\t<div class=\"elementor-element elementor-element-f5d2e06 elementor-widget elementor-widget-image\" data-id=\"f5d2e06\" data-element_type=\"widget\" data-widget_type=\"image.default\">\n\t\t\t\t<div class=\"elementor-widget-container\">\n\t\t\t\t\t\t\t\t\t\t\t\t\t\t\t<img decoding=\"async\" width=\"768\" height=\"576\" src=\"https:\/\/svejkovakavarna.cz\/wp-content\/uploads\/2024\/07\/e17e3559-935b-44b6-bdbc-b7bf4544e23a-768x576.jpeg\" class=\"attachment-medium_large size-medium_large wp-image-2359\" alt=\"Venkovn\u00ed posezen\u00ed p\u0159ed \u0160vejkovou kav\u00e1rnou\" srcset=\"https:\/\/svejkovakavarna.cz\/wp-content\/uploads\/2024\/07\/e17e3559-935b-44b6-bdbc-b7bf4544e23a-768x576.jpeg 768w, https:\/\/svejkovakavarna.cz\/wp-content\/uploads\/2024\/07\/e17e3559-935b-44b6-bdbc-b7bf4544e23a-463x348.jpeg 463w, https:\/\/svejkovakavarna.cz\/wp-content\/uploads\/2024\/07\/e17e3559-935b-44b6-bdbc-b7bf4544e23a-640x480.jpeg 640w, https:\/\/svejkovakavarna.cz\/wp-content\/uploads\/2024\/07\/e17e3559-935b-44b6-bdbc-b7bf4544e23a-400x300.jpeg 400w\" sizes=\"(max-width: 768px) 100vw, 768px\" \/>\t\t\t\t\t\t\t\t\t\t\t\t\t\t\t<\/div>\n\t\t\t\t<\/div>\n\t\t\t\t\t<\/div>\n\t\t\t\t<\/div>\n\t\t\t\t<\/div>\n\t\t","protected":false},"excerpt":{"rendered":"<p>0+ 0+ 0+<\/p>\n","protected":false},"author":3,"featured_media":0,"parent":0,"menu_order":0,"comment_status":"closed","ping_status":"closed","template":"","meta":{"_seopress_robots_primary_cat":"","_seopress_titles_title":"%%post_title%% %%sep%% %%sitetitle%%","_seopress_titles_desc":"Find out more about our caf\u00e9 \/ restaurant, \u0160vejk, and everything we stand for!","_seopress_robots_index":"","footnotes":""},"class_list":["post-3130","page","type-page","status-publish","hentry"],"_links":{"self":[{"href":"https:\/\/svejkovakavarna.cz\/en\/wp-json\/wp\/v2\/pages\/3130","targetHints":{"allow":["GET"]}}],"collection":[{"href":"https:\/\/svejkovakavarna.cz\/en\/wp-json\/wp\/v2\/pages"}],"about":[{"href":"https:\/\/svejkovakavarna.cz\/en\/wp-json\/wp\/v2\/types\/page"}],"author":[{"embeddable":true,"href":"https:\/\/svejkovakavarna.cz\/en\/wp-json\/wp\/v2\/users\/3"}],"replies":[{"embeddable":true,"href":"https:\/\/svejkovakavarna.cz\/en\/wp-json\/wp\/v2\/comments?post=3130"}],"version-history":[{"count":1,"href":"https:\/\/svejkovakavarna.cz\/en\/wp-json\/wp\/v2\/pages\/3130\/revisions"}],"predecessor-version":[{"id":3131,"href":"https:\/\/svejkovakavarna.cz\/en\/wp-json\/wp\/v2\/pages\/3130\/revisions\/3131"}],"wp:attachment":[{"href":"https:\/\/svejkovakavarna.cz\/en\/wp-json\/wp\/v2\/media?parent=3130"}],"curies":[{"name":"wp","href":"https:\/\/api.w.org\/{rel}","templated":true}]}}